{"id":85,"date":"2011-11-07T15:25:35","date_gmt":"2011-11-07T15:25:35","guid":{"rendered":"http:\/\/kolibri-grundschule.de\/home\/?page_id=85"},"modified":"2013-12-01T17:33:52","modified_gmt":"2013-12-01T17:33:52","slug":"weihnachtsprogramm-2011","status":"publish","type":"page","link":"https:\/\/kolibri-grundschule.de\/home\/?page_id=85","title":{"rendered":"Weihnachtsprogramm 2013"},"content":{"rendered":"<address><a href=\"https:\/\/i0.wp.com\/kolibri-grundschule.de\/home\/wp-content\/uploads\/2011\/11\/hypergon_istockphoto_com.jpg\"><img decoding=\"async\" loading=\"lazy\" class=\"alignright size-full wp-image-910\" alt=\"hypergon_istockphoto_com\" src=\"https:\/\/i0.wp.com\/kolibri-grundschule.de\/home\/wp-content\/uploads\/2011\/11\/hypergon_istockphoto_com.jpg?resize=584%2C349\" width=\"584\" height=\"349\" data-recalc-dims=\"1\" \/><\/a><\/address>\n<address><strong><span style=\"color: #ff0000;\">Die Kolibri-Grundschule l\u00e4dt ein zur Geschichte\u00a0<\/span><\/strong><strong><span style=\"color: #ff0000;\">\u201eWeihnachtsmann auf Irrfahrt\u201c<\/span><\/strong><\/address>\n<p><span style=\"color: #060a2d;\">Wie jedes Jahr begibt sich der Weihnachtsmann vom Nordpol aus auf die Reise, um den Menschen ihre Weihnachtsw\u00fcnsche zu erf\u00fcllen. Doch etwas ist in diesem Jahr anders. Vergeblich wartet man auf der Erde auf die Ankunft des Schlittens. In den Nachrichten spricht man sogar schon vom m\u00f6glichen Ausfall des Weihnachtsfests. W\u00e4hrenddessen lenkt Rudolph den Weihnachtsschlitten ungewollt zum Mond und der Weihnachtsmann steuert ihn anschlie\u00dfend gegen seinen Willen in den Dschungel. Beide sind ratlos. \u00a0<\/span><\/p>\n<p><span style=\"color: #060a2d;\">Zur gleichen Zeit sind die Entdeckerkids aus der Kolibri-Grundschule in ihrem Schullabor mit Experimenten besch\u00e4ftigt, als sie vom Verschwinden des Weihnachtsmanns h\u00f6ren. In ihrem Labor registrieren sie das Wirken au\u00dfergew\u00f6hnlich starker magnetischer Kr\u00e4fte und beschlie\u00dfen daraufhin ihre Experimente ruhen zu lassen, um herauszufinden, woher diese magnetischen Kr\u00e4fte kommen. Sie entdecken ein Labor ganz in der N\u00e4he und bekommen dort zuf\u00e4llig mit, dass der Weihnachtsschlitten absichtlich umgelenkt wurde. <\/span><\/p>\n<p><span style=\"color: #060a2d;\">K\u00f6nnen sie daf\u00fcr sorgen, dass der Weihnachtsmann doch noch p\u00fcnktlich zur Bescherung kommt?<\/span><\/p>\n<p><span style=\"color: #060a2d;\"><em><strong>Veranstaltungsort:<\/strong> Turnhalle der <\/em><em>Kolibri-Grundschule<\/em><\/span><\/p>\n<p><span style=\"color: #060a2d;\"><em><strong>Datum:<\/strong> 18. Dezember 2013<\/em><\/span><\/p>\n<p><span style=\"color: #060a2d;\"><em>1<\/em><em>. Veranstaltung \u2013 16.30 Uhr<\/em><\/span><\/p>\n<p><span style=\"color: #060a2d;\"><em>2. Veranstaltung \u2013 18.00 Uhr<\/em><\/span><\/p>\n<p><span style=\"color: #060a2d;\"><em> <a href=\"https:\/\/i0.wp.com\/kolibri-grundschule.de\/home\/wp-content\/uploads\/2011\/11\/Igor-Stepovik_istockphoto_com.jpg\"><img decoding=\"async\" loading=\"lazy\" class=\"alignright size-full wp-image-909\" alt=\"Igor-Stepovik_istockphoto_com\" src=\"https:\/\/i0.wp.com\/kolibri-grundschule.de\/home\/wp-content\/uploads\/2011\/11\/Igor-Stepovik_istockphoto_com.jpg?resize=566%2C848\" width=\"566\" height=\"848\" data-recalc-dims=\"1\" \/><\/a><\/em><\/span><\/p>\n<p><span style=\"color: #ffffff;\"><em><span style=\"color: #060a2d;\">Fotos auf dieser Seite: \u00a9 hypergon und \u00a9 Igor Stepovik | istockphoto.com<\/span><\/em><\/span><\/p>\n","protected":false},"excerpt":{"rendered":"<p>Die Kolibri-Grundschule l\u00e4dt ein zur Geschichte\u00a0\u201eWeihnachtsmann auf Irrfahrt\u201c Wie jedes Jahr begibt sich der Weihnachtsmann vom Nordpol aus auf die Reise, um den Menschen ihre Weihnachtsw\u00fcnsche zu erf\u00fcllen. Doch etwas ist in diesem Jahr anders. Vergeblich wartet man auf der &hellip; <a href=\"https:\/\/kolibri-grundschule.de\/home\/?page_id=85\">Weiterlesen <span class=\"meta-nav\">&rarr;<\/span><\/a><\/p>\n","protected":false},"author":4,"featured_media":0,"parent":17,"menu_order":0,"comment_status":"closed","ping_status":"closed","template":"","meta":{"footnotes":""},"jetpack_sharing_enabled":true,"_links":{"self":[{"href":"https:\/\/kolibri-grundschule.de\/home\/index.php?rest_route=\/wp\/v2\/pages\/85"}],"collection":[{"href":"https:\/\/kolibri-grundschule.de\/home\/index.php?rest_route=\/wp\/v2\/pages"}],"about":[{"href":"https:\/\/kolibri-grundschule.de\/home\/index.php?rest_route=\/wp\/v2\/types\/page"}],"author":[{"embeddable":true,"href":"https:\/\/kolibri-grundschule.de\/home\/index.php?rest_route=\/wp\/v2\/users\/4"}],"replies":[{"embeddable":true,"href":"https:\/\/kolibri-grundschule.de\/home\/index.php?rest_route=%2Fwp%2Fv2%2Fcomments&post=85"}],"version-history":[{"count":29,"href":"https:\/\/kolibri-grundschule.de\/home\/index.php?rest_route=\/wp\/v2\/pages\/85\/revisions"}],"predecessor-version":[{"id":915,"href":"https:\/\/kolibri-grundschule.de\/home\/index.php?rest_route=\/wp\/v2\/pages\/85\/revisions\/915"}],"up":[{"embeddable":true,"href":"https:\/\/kolibri-grundschule.de\/home\/index.php?rest_route=\/wp\/v2\/pages\/17"}],"wp:attachment":[{"href":"https:\/\/kolibri-grundschule.de\/home\/index.php?rest_route=%2Fwp%2Fv2%2Fmedia&parent=85"}],"curies":[{"name":"wp","href":"https:\/\/api.w.org\/{rel}","templated":true}]}}