{"id":827,"date":"2013-10-26T14:28:23","date_gmt":"2013-10-26T14:28:23","guid":{"rendered":"http:\/\/kolibri-grundschule.de\/home\/?page_id=827"},"modified":"2018-02-25T17:10:18","modified_gmt":"2018-02-25T17:10:18","slug":"kolibri-paradiso","status":"publish","type":"page","link":"https:\/\/kolibri-grundschule.de\/home\/?page_id=827","title":{"rendered":"Kolibri-Paradiso"},"content":{"rendered":"<div id=\"attachment_831\" style=\"width: 612px\" class=\"wp-caption aligncenter\"><a href=\"https:\/\/i0.wp.com\/kolibri-grundschule.de\/home\/wp-content\/uploads\/2013\/10\/kolibri_paradiso.jpg\"><img aria-describedby=\"caption-attachment-831\" decoding=\"async\" loading=\"lazy\" class=\"size-full wp-image-831\" src=\"https:\/\/i0.wp.com\/kolibri-grundschule.de\/home\/wp-content\/uploads\/2013\/10\/kolibri_paradiso.jpg?resize=584%2C186\" alt=\"Impressionen aus dem Projekt \u201aKolibri-Paradiso\u2019\" width=\"584\" height=\"186\" data-recalc-dims=\"1\" \/><\/a><p id=\"caption-attachment-831\" class=\"wp-caption-text\"><span style=\"color: #051329;\">Impressionen aus dem Projekt \u201aKolibri-Paradiso\u2018<\/span><\/p><\/div>\n<p><span style=\"color: #051329;\">Nach dem Umzug der Kolibri Grundschule in das Geb\u00e4ude der ehemaligen\u00a0Strittmatter- Schule wurden seitens der Schulleitung und der Elternvertreter\/innen sofort \u00dcberlegungen angestellt, wie der verwilderte Bereich des Schulgartens wieder f\u00fcr Lernveranstaltungen und f\u00fcr die Freizeitgestaltung der\u00a0Sch\u00fcler\/innen genutzt werden k\u00f6nnte. Die Kinder haben sich sofort an den \u00dcberlegungen f\u00fcr eine Nutzung mit einem eigenen Projekt \u201aKolibri-Paradiso\u2018 beteiligt.<\/span><\/p>\n<p align=\"LEFT\"><span style=\"color: #051329;\">Durch Mithilfe einer Arbeitsgruppe des Freilandlabors Marzahn\/Hellersdorf wurde der Garten im ersten Jahr nach dem Umzug wieder nutzbar gemacht. Wege wurden von Unkraut befreit, zahlreicher Wildwuchs entfernt und die Beete wieder in Nutzung genommen. Als Fortf\u00fchrung und Erg\u00e4nzung des Projektes \u201aKolibri-Paradiso\u2018 wurde im Fr\u00fchjahr 2013 eine Schulgarten-Arbeitsgemeinschaft ins Leben gerufen. Diese AG wurde\u00a0durch die Sozialarbeiter der Schule und einem Elternvertreter gemeinsam durchgef\u00fchrt.<\/span><\/p>\n<p align=\"LEFT\"><span style=\"color: #051329;\"><strong>Zielstellung des Projektes<\/strong><\/span><\/p>\n<ul>\n<li>\n<div align=\"LEFT\"><span style=\"color: #051329;\">Nutzung des Schulgartens als Gr\u00fcnes Klassenzimmer f\u00fcr Sachkundeunterricht<\/span><\/div>\n<\/li>\n<li>\n<div align=\"LEFT\"><span style=\"color: #051329;\">M\u00f6glichkeit f\u00fcr Kinder Gartenarbeitsprojekte durchzuf\u00fchren<\/span><\/div>\n<\/li>\n<li>\n<div align=\"LEFT\"><span style=\"color: #051329;\">Demonstration des Anbaus einer Vielzahl von Kr\u00e4utern, Gem\u00fcse- und Obstarten<\/span><\/div>\n<\/li>\n<li>\n<div align=\"LEFT\"><span style=\"color: #051329;\">Ausgestaltung des Gartens zu einem abwechslungsreichen Biotop mit vielf\u00e4ltigen Nahrungsangeboten f\u00fcr Bienen, Insekten und V\u00f6gel<\/span><\/div>\n<\/li>\n<li>\n<div align=\"LEFT\"><span style=\"color: #051329;\">Aufzeigen von Stoffkreisl\u00e4ufen in der Natur durch Kompostwirtschaft und Einsatz von Stallmist<\/span><\/div>\n<\/li>\n<li>\n<div align=\"LEFT\"><span style=\"color: #051329;\">Projekte zum Naturschutz, z. B. Vogelnistk\u00e4sten, Insektenhotels, Bienenweidepflanzen<\/span><\/div>\n<\/li>\n<li>\n<div align=\"LEFT\"><span style=\"color: #051329;\">Herstellung von Bez\u00fcgen zu einer gesunden Ern\u00e4hrung durch eigenes Obst und Gem\u00fcse, z. B. Kochen mit Gem\u00fcse aus eigenem Anbau<\/span><\/div>\n<\/li>\n<li>\n<div align=\"LEFT\"><span style=\"color: #051329;\">Nutzung des Gartens f\u00fcr gemeinsame Veranstaltungen der Lehrer\/innen, Sch\u00fcler\/innen und Eltern zur F\u00f6rderung des sozialen Miteinanders<\/span><\/div>\n<\/li>\n<li>\n<div align=\"LEFT\"><span style=\"color: #051329;\">Pflege der Gr\u00fcnpflanzen im Schulhaus und im Freizeithaus \u201aHugo\u2018 als Erg\u00e4nzung zu den Arbeiten im Schulgarten<\/span><\/div>\n<\/li>\n<li>\n<div align=\"LEFT\"><span style=\"color: #051329;\">Anbau von Pflanzen f\u00fcr die Gewinnung von Materialien f\u00fcr Unterrichtzwecke und als Bastelmaterial<\/span><\/div>\n<\/li>\n<\/ul>\n<p align=\"LEFT\"><span style=\"color: #051329;\">Die Projekte sind teils \u00fcbergreifend als auch f\u00fcr sich abgeschlossen. Den Kindern soll die M\u00f6glichkeit er\u00f6ffnet werden, sich altersgerecht und fortlaufend an den Arbeiten im Schulgarten zu beteiligen. F\u00fcr die Pflege der schuleigenen Gr\u00fcnpflanzen wird ein Arbeitsraum eingerichtet, der auch f\u00fcr Arbeiten mit Naturmaterialien genutzt werden kann. Als N\u00e4chstes ist geplant eine Kompostbox zu errichten und die verrotteten Hochbeete zu erneuern.<\/span><\/p>\n<p align=\"LEFT\"><span style=\"color: #051329;\">Durch die Beteiligung an den Gartenarbeiten und durch \u00dcbernahme der Verantwortung f\u00fcr die schuleigenen Gr\u00fcnpflanzen lernen die Kinder, dass der Anbau und die Pflege von Pflanzen Verantwortung und Best\u00e4ndigkeit erfordern.<\/span><\/p>\n<p align=\"LEFT\"><span style=\"color: #051329;\"><em>\u201aWir ehren die gute Tat!\u2018<\/em> \u2013 auch die Kolibri-Grundschule wurde beim 20. und 21. Umweltpreis des Bezirkes Marzahn-Hellersdorf von Berlin als eine jener\u00a0Initiativen geehrt, die sich in besonderer Weise um den Naturschutz oder die Umweltbildung verdient gemacht haben \u2026<\/span><\/p>\n<p style=\"text-align: center;\" align=\"LEFT\"><a href=\"https:\/\/i0.wp.com\/kolibri-grundschule.de\/home\/wp-content\/uploads\/2013\/10\/urkunde_umwelt.jpg\"><img decoding=\"async\" loading=\"lazy\" class=\"wp-image-878 alignleft\" src=\"https:\/\/i0.wp.com\/kolibri-grundschule.de\/home\/wp-content\/uploads\/2013\/10\/urkunde_umwelt.jpg?resize=233%2C501\" alt=\"urkunde_umwelt\" width=\"233\" height=\"501\" data-recalc-dims=\"1\" \/><\/a><\/p>\n<p style=\"text-align: center;\" align=\"LEFT\"><a href=\"https:\/\/i0.wp.com\/kolibri-grundschule.de\/home\/wp-content\/uploads\/2013\/10\/Umweltpreis-2014_kl-1.jpg\"><img decoding=\"async\" loading=\"lazy\" class=\"wp-image-1019\" src=\"https:\/\/i0.wp.com\/kolibri-grundschule.de\/home\/wp-content\/uploads\/2013\/10\/Umweltpreis-2014_kl-1.jpg?resize=232%2C329\" alt=\"Umweltpreis 2014_kl-1\" width=\"232\" height=\"329\" data-recalc-dims=\"1\" \/><\/a><\/p>\n<p align=\"LEFT\"><span style=\"color: #051329;\">\u2026 auch in diesem Jahr hat die Kolibri-Grundschule erfolgreich am Wettbewerb um den\u00a0\u201aSch\u00f6nsten Schulgarten\u2018\u00a0teilgenommen. Preisverleihung war am 11.\u00a0Juli 2016. Es gab drei gleichrangige Sieger\/Preistr\u00e4ger, eine davon war die Kolibri-Grundschule mit ihrem Projekt \u201aParadiso\u2018.<\/span><\/p>\n<p style=\"text-align: center;\" align=\"LEFT\"><img decoding=\"async\" loading=\"lazy\" class=\"size-full wp-image-1220 aligncenter\" src=\"https:\/\/i0.wp.com\/kolibri-grundschule.de\/home\/wp-content\/uploads\/2016\/09\/schulgartenwettbewerb2016.jpg?resize=401%2C567\" alt=\"schulgartenwettbewerb2016\" width=\"401\" height=\"567\" data-recalc-dims=\"1\" \/><\/p>\n","protected":false},"excerpt":{"rendered":"<p>Nach dem Umzug der Kolibri Grundschule in das Geb\u00e4ude der ehemaligen\u00a0Strittmatter- Schule wurden seitens der Schulleitung und der Elternvertreter\/innen sofort \u00dcberlegungen angestellt, wie der verwilderte Bereich des Schulgartens wieder f\u00fcr Lernveranstaltungen und f\u00fcr die Freizeitgestaltung der\u00a0Sch\u00fcler\/innen genutzt werden k\u00f6nnte. Die &hellip; <a href=\"https:\/\/kolibri-grundschule.de\/home\/?page_id=827\">Weiterlesen <span class=\"meta-nav\">&rarr;<\/span><\/a><\/p>\n","protected":false},"author":4,"featured_media":0,"parent":0,"menu_order":0,"comment_status":"closed","ping_status":"closed","template":"","meta":{"footnotes":""},"jetpack_sharing_enabled":true,"_links":{"self":[{"href":"https:\/\/kolibri-grundschule.de\/home\/index.php?rest_route=\/wp\/v2\/pages\/827"}],"collection":[{"href":"https:\/\/kolibri-grundschule.de\/home\/index.php?rest_route=\/wp\/v2\/pages"}],"about":[{"href":"https:\/\/kolibri-grundschule.de\/home\/index.php?rest_route=\/wp\/v2\/types\/page"}],"author":[{"embeddable":true,"href":"https:\/\/kolibri-grundschule.de\/home\/index.php?rest_route=\/wp\/v2\/users\/4"}],"replies":[{"embeddable":true,"href":"https:\/\/kolibri-grundschule.de\/home\/index.php?rest_route=%2Fwp%2Fv2%2Fcomments&post=827"}],"version-history":[{"count":19,"href":"https:\/\/kolibri-grundschule.de\/home\/index.php?rest_route=\/wp\/v2\/pages\/827\/revisions"}],"predecessor-version":[{"id":1461,"href":"https:\/\/kolibri-grundschule.de\/home\/index.php?rest_route=\/wp\/v2\/pages\/827\/revisions\/1461"}],"wp:attachment":[{"href":"https:\/\/kolibri-grundschule.de\/home\/index.php?rest_route=%2Fwp%2Fv2%2Fmedia&parent=827"}],"curies":[{"name":"wp","href":"https:\/\/api.w.org\/{rel}","templated":true}]}}