{"id":71,"date":"2011-09-23T06:56:19","date_gmt":"2011-09-23T06:56:19","guid":{"rendered":"http:\/\/kolibri-grundschule.de\/home\/?page_id=71"},"modified":"2012-11-04T11:43:50","modified_gmt":"2012-11-04T11:43:50","slug":"crosslauf","status":"publish","type":"page","link":"https:\/\/kolibri-grundschule.de\/home\/?page_id=71","title":{"rendered":"Crosslauf"},"content":{"rendered":"<p>Neben den Bundesjugendspielen messen alle Sch\u00fclerinnen und Sch\u00fcler ihre Kr\u00e4fte auf sportlichem Gebiet beim Crosslauf. Dieser findet regelm\u00e4\u00dfig vor den Herbstferien statt. Hierf\u00fcr werden alle Sportler im Rahmen des Sportunterrichts in vielf\u00e4ltiger Form vorbereitet. F\u00fcr die 4. bis 6. Klassen dient er als Qualifikation f\u00fcr den Bezirkscross im Oktober jeden Jahres.<\/p>\n<ul>\n<li><a href=\"?page_id=339\">Ergebnisse Herbstcross 2012<\/a><\/li>\n<\/ul>\n<p><img decoding=\"async\" loading=\"lazy\" src=\"https:\/\/i0.wp.com\/kolibri-grundschule.de\/home\/wp-content\/uploads\/2011\/09\/crosslauf_collage.jpg?resize=584%2C155\" alt=\"\" title=\"Crosslauf\" width=\"584\" height=\"155\" class=\"alignnone size-full wp-image-83\" data-recalc-dims=\"1\" \/><\/p>\n","protected":false},"excerpt":{"rendered":"<p>Neben den Bundesjugendspielen messen alle Sch\u00fclerinnen und Sch\u00fcler ihre Kr\u00e4fte auf sportlichem Gebiet beim Crosslauf. Dieser findet regelm\u00e4\u00dfig vor den Herbstferien statt. Hierf\u00fcr werden alle Sportler im Rahmen des Sportunterrichts in vielf\u00e4ltiger Form vorbereitet. F\u00fcr die 4. bis 6. Klassen &hellip; <a href=\"https:\/\/kolibri-grundschule.de\/home\/?page_id=71\">Weiterlesen <span class=\"meta-nav\">&rarr;<\/span><\/a><\/p>\n","protected":false},"author":4,"featured_media":0,"parent":65,"menu_order":0,"comment_status":"closed","ping_status":"closed","template":"","meta":{"footnotes":""},"jetpack_sharing_enabled":true,"_links":{"self":[{"href":"https:\/\/kolibri-grundschule.de\/home\/index.php?rest_route=\/wp\/v2\/pages\/71"}],"collection":[{"href":"https:\/\/kolibri-grundschule.de\/home\/index.php?rest_route=\/wp\/v2\/pages"}],"about":[{"href":"https:\/\/kolibri-grundschule.de\/home\/index.php?rest_route=\/wp\/v2\/types\/page"}],"author":[{"embeddable":true,"href":"https:\/\/kolibri-grundschule.de\/home\/index.php?rest_route=\/wp\/v2\/users\/4"}],"replies":[{"embeddable":true,"href":"https:\/\/kolibri-grundschule.de\/home\/index.php?rest_route=%2Fwp%2Fv2%2Fcomments&post=71"}],"version-history":[{"count":5,"href":"https:\/\/kolibri-grundschule.de\/home\/index.php?rest_route=\/wp\/v2\/pages\/71\/revisions"}],"predecessor-version":[{"id":362,"href":"https:\/\/kolibri-grundschule.de\/home\/index.php?rest_route=\/wp\/v2\/pages\/71\/revisions\/362"}],"up":[{"embeddable":true,"href":"https:\/\/kolibri-grundschule.de\/home\/index.php?rest_route=\/wp\/v2\/pages\/65"}],"wp:attachment":[{"href":"https:\/\/kolibri-grundschule.de\/home\/index.php?rest_route=%2Fwp%2Fv2%2Fmedia&parent=71"}],"curies":[{"name":"wp","href":"https:\/\/api.w.org\/{rel}","templated":true}]}}