{"id":339,"date":"2012-11-04T11:41:51","date_gmt":"2012-11-04T11:41:51","guid":{"rendered":"http:\/\/kolibri-grundschule.de\/home\/?page_id=339"},"modified":"2012-11-07T19:00:12","modified_gmt":"2012-11-07T19:00:12","slug":"herbstcross-2012","status":"publish","type":"page","link":"https:\/\/kolibri-grundschule.de\/home\/?page_id=339","title":{"rendered":"Herbstcross 2012"},"content":{"rendered":"<h2>Herbstcross der Kolibri-Grundschule<\/h2>\n<p>Am 18. Oktober 2012 war es wieder so weit. Bei wundersch\u00f6nem Herbstwetter ermittelten alle Klassenstufen unserer Schule ihre Sieger und Platzierten im Waldlauf. Ausgew\u00e4hlte Sch\u00fcler der 6. Klassen halfen flei\u00dfig bei der Organisation des Wettkampfes, daf\u00fcr unser herzlicher Dank.<\/p>\n\n<p>Viele Eltern lie\u00dfen es sich nicht nehmen, ihre und andere Kinder beim Lauf anzufeuern. Wir hatten auch dieses Jahr spannende und ereignisreiche Wettbewerbe. <\/p>\n<p>Jens Hentschel<br \/>\nFachbereich Sport<\/p>\n<h3>Ergebnisse<\/h3>\n<ul>\n<li>Lerngruppen 1 (<a href=\"#jlg\">Jungen<\/a> \/ <a href=\"#mlg\">M\u00e4dchen<\/a>)<\/li>\n<li>Lerngruppen 2 (<a href=\"#jlg2\">Jungen<\/a> \/ <a href=\"#mlg2\">M\u00e4dchen<\/a>)<\/li>\n<li>Klasse 3 (<a href=\"#j3\">Jungen<\/a> \/ <a href=\"#m3\">M\u00e4dchen<\/a>)<\/li>\n<li>Klasse 4 (<a href=\"#j4\">Jungen<\/a> \/ <a href=\"#m4\">M\u00e4dchen<\/a>)<\/li>\n<li>Klasse 5 (<a href=\"#j5\">Jungen<\/a> \/ <a href=\"#m5\">M\u00e4dchen<\/a>)<\/li>\n<li>Klasse 6 (<a href=\"#j6\">Jungen<\/a> \/ <a href=\"#m6\">M\u00e4dchen<\/a>)<\/li>\n<\/ul>\n<p><a name=\"jlg\"><\/a><\/p>\n<table>\n<caption>Lerngruppen 1 (Jungen)<\/caption>\n<thead>\n<tr>\n<th>Platz<\/th>\n<th>Name<\/th>\n<th>Vorname<\/th>\n<th>Klasse<\/th>\n<\/tr>\n<\/thead>\n<tbody>\n<tr>\n<th>1.<\/th>\n<td>Reichel<\/td>\n<td>Steven<\/td>\n<td>Igel<\/td>\n<\/tr>\n<tr>\n<th>2.<\/th>\n<td>Schaber<\/td>\n<td>\tErwin<\/td>\n<td>Fr\u00f6sche<\/td>\n<\/tr>\n<tr>\n<th>3.<\/th>\n<td>Bachmann<\/td>\n<td>Erik<\/td>\n<td>Bienen<\/td>\n<\/tr>\n<tr>\n<th>4.<\/th>\n<td>Kalas<\/td>\n<td>Philipp<\/td>\n<td>Fr\u00f6sche<\/td>\n<\/tr>\n<tr>\n<th>5.<\/th>\n<td>Stein<\/td>\n<td>Jaime<\/td>\n<td>Biene<\/td>\n<\/tr>\n<tr>\n<th>6.<\/th>\n<td>Knauf<\/td>\n<td>Julian<\/td>\n<td>Biene<\/td>\n<\/tr>\n<tr>\n<th>7.<\/th>\n<td>Winkler<\/td>\n<td>Davis<\/td>\n<td>Sterne<\/td>\n<\/tr>\n<tr>\n<th>8.<\/th>\n<td>Laroche<\/td>\n<td>Leno<\/td>\n<td>Hasen<\/td>\n<\/tr>\n<tr>\n<th>9.<\/th>\n<td>Obst<\/td>\n<td>Jimmy<\/td>\n<td>Sonne<\/td>\n<\/tr>\n<tr>\n<th>10.<\/th>\n<td>H\u00e4berlein<\/td>\n<td>Timo<\/td>\n<td>Sterne<\/td>\n<\/tr>\n<\/tbody>\n<\/table>\n<p><a name=\"mlg\"><\/a><\/p>\n<table>\n<caption>Lerngruppen 1 (M\u00e4dchen)<\/caption>\n<thead>\n<tr>\n<th>Platz<\/th>\n<th>Name<\/th>\n<th>Vorname<\/th>\n<th>Klasse<\/th>\n<\/tr>\n<\/thead>\n<tbody>\n<tr>\n<th>1.<\/th>\n<td>\tRock<\/td>\n<td>\tAlina<\/td>\n<td>\tHasen<\/td>\n<\/tr>\n<tr>\n<th>2.<\/th>\n<td>\tK\u00f6nig<\/td>\n<td>\tAmira-Sofi<\/td>\n<td>\tFische<\/td>\n<\/tr>\n<tr>\n<th>3.<\/th>\n<td>\tJoa\u00f2<\/td>\n<td>\tNeurin<\/td>\n<td>\tHasen<\/td>\n<\/tr>\n<tr>\n<th>4.<\/th>\n<td>\tRamin<\/td>\n<td>\tEmelie<\/td>\n<td>\tFische\t   <\/td>\n<\/tr>\n<tr>\n<th>5.<\/th>\n<td>\tFilippovich<\/td>\n<td>\tAnnabelle<\/td>\n<td>\tHasen\t   <\/td>\n<\/tr>\n<tr>\n<th>6.<\/th>\n<td>\tEichbaum<\/td>\n<td>\tCecil<\/td>\n<td>\tFische\t   <\/td>\n<\/tr>\n<tr>\n<th>7.<\/th>\n<td>\tSchr\u00f6der<\/td>\n<td>\tChanne-Sophie<\/td>\n<td>\tFische\t  <\/td>\n<\/tr>\n<tr>\n<th>8.<\/th>\n<td>\tLolischkies<\/td>\n<td>\tMarie<\/td>\n<td>\tBiene\t   <\/td>\n<\/tr>\n<tr>\n<th>9.<\/th>\n<td>\tF\u00f6hlisch<\/td>\n<td>\tJohanna<\/td>\n<td>\tHasen\t  <\/td>\n<\/tr>\n<tr>\n<th>10.<\/th>\n<td>\tGei\u00dfler<\/td>\n<td>\tLeonie<\/td>\n<td>\tSterne<\/td>\n<\/tr>\n<\/tbody>\n<\/table>\n<p><a name=\"jlg2\"><\/a><\/p>\n<table>\n<caption>Lerngruppen 2 (Jungen)<\/caption>\n<thead>\n<tr>\n<th>Platz<\/th>\n<th>Name<\/th>\n<th>Vorname<\/th>\n<th>Klasse<\/th>\n<\/tr>\n<\/thead>\n<tbody>\n<tr>\n<th>1.<\/th>\n<td>\tWagner<\/td>\n<td>\tAntonio<\/td>\n<td>\tFr\u00f6sche\t   <\/td>\n<\/tr>\n<tr>\n<th>2.<\/th>\n<td>\tNitschke<\/td>\n<td>\tPhillip<\/td>\n<td>\tFr\u00f6sche\t   <\/td>\n<\/tr>\n<tr>\n<th>3.<\/th>\n<td>\tEbel<\/td>\n<td>\tCorey<\/td>\n<td>\tHasen\t   <\/td>\n<\/tr>\n<tr>\n<th>4.<\/th>\n<td>\tKlopsch<\/td>\n<td>\tJason<\/td>\n<td>\tHasen\t   <\/td>\n<\/tr>\n<tr>\n<th>5.<\/th>\n<td>\tNix<\/td>\n<td>\tSanny<\/td>\n<td>\tSonne\t   <\/td>\n<\/tr>\n<tr>\n<th>6.<\/th>\n<td>\tFiddike<\/td>\n<td>\tTimo<\/td>\n<td>\tSterne\t   <\/td>\n<\/tr>\n<tr>\n<th>7.<\/th>\n<td>\tMutschall<\/td>\n<td>\tFabian<\/td>\n<td>\tIgel\t   <\/td>\n<\/tr>\n<tr>\n<th>8.<\/th>\n<td>\tSchadow<\/td>\n<td>\tOwen<\/td>\n<td>\tFr\u00f6sche\t   <\/td>\n<\/tr>\n<tr>\n<th>9.<\/th>\n<td>\tK\u00f6hler<\/td>\n<td>\tDevin<\/td>\n<td>\tFr\u00f6sche\t   <\/td>\n<\/tr>\n<tr>\n<th>10.<\/th>\n<td>\tRiemer<\/td>\n<td>\tNico<\/td>\n<td>\tIgel\t <\/td>\n<\/tr>\n<\/tbody>\n<\/table>\n<p><a name=\"mlg2\"><\/a><\/p>\n<table>\n<caption>Lerngruppen 2 (M\u00e4dchen)<\/caption>\n<thead>\n<tr>\n<th>Platz<\/th>\n<th>Name<\/th>\n<th>Vorname<\/th>\n<th>Klasse<\/th>\n<\/tr>\n<\/thead>\n<tbody>\n<tr>\n<th>1.<\/th>\n<td>\tB\u00f6hmke<\/td>\n<td>\tLena<\/td>\n<td>\tHasen\t   <\/td>\n<\/tr>\n<tr>\n<th>2.<\/th>\n<td>\tBanse\t<\/td>\n<td>Annemarie<\/td>\n<td>\tFr\u00f6sche\t   <\/td>\n<\/tr>\n<tr>\n<th>3.<\/th>\n<td>\tUlrich<\/td>\n<td>\tAyleen<\/td>\n<td>\tIgel\t   <\/td>\n<\/tr>\n<tr>\n<th>4.<\/th>\n<td>\tBeyer<\/td>\n<td>\tAnika<\/td>\n<td>\tSonne\t   <\/td>\n<\/tr>\n<tr>\n<th>5.<\/th>\n<td>\tRiedel<\/td>\n<td>\tJoelle<\/td>\n<td>\tSonne\t   <\/td>\n<\/tr>\n<tr>\n<th>6.<\/th>\n<td>\tLehfeld<\/td>\n<td>\tCourtney<\/td>\n<td>\tHasen\t  <\/td>\n<\/tr>\n<tr>\n<th>7.<\/th>\n<td>\tPlogas<\/td>\n<td>\tLeni<\/td>\n<td>\tSterne\t   <\/td>\n<\/tr>\n<tr>\n<th>8.<\/th>\n<td>\tS\u00e4we<\/td>\n<td>\tAngelina<\/td>\n<td>\tFr\u00f6sche\t   <\/td>\n<\/tr>\n<tr>\n<th>9.<\/th>\n<td>\tNix<\/td>\n<td>\tSarah<\/td>\n<td>\tFische\t   <\/td>\n<\/tr>\n<tr>\n<th>10.<\/th>\n<td>\tKramer<\/td>\n<td>\tJona<\/td>\n<td>\tFr\u00f6sche\t <\/td>\n<\/tr>\n<\/tbody>\n<\/table>\n<p><a name=\"j3\"><\/a><\/p>\n<table>\n<caption>Klasse 3 (Jungen)<\/caption>\n<thead>\n<tr>\n<th>Platz<\/th>\n<th>Name<\/th>\n<th>Vorname<\/th>\n<th>Klasse<\/th>\n<\/tr>\n<\/thead>\n<tbody>\n<tr>\n<th>1.<\/th>\n<td>\tAdam<\/td>\n<td>\tFelix<\/td>\n<td>\t3b\t   <\/td>\n<\/tr>\n<tr>\n<th>2.<\/th>\n<td>\tPlatz<\/td>\n<td>\tJonas<\/td>\n<td>\t3b\t   <\/td>\n<\/tr>\n<tr>\n<th>3.<\/th>\n<td>\tSchaller<\/td>\n<td>\tLuca<\/td>\n<td>\t3a\t   <\/td>\n<\/tr>\n<tr>\n<th>3.<\/th>\n<td>\tGabbert<\/td>\n<td>\tJulien<\/td>\n<td>\t3b\t   <\/td>\n<\/tr>\n<tr>\n<th>5.<\/th>\n<td>\tSchaber<\/td>\n<td>\tLukas<\/td>\n<td>\t3a\t   <\/td>\n<\/tr>\n<tr>\n<th>6.<\/th>\n<td>\tKlabunde<\/td>\n<td>\tMax<\/td>\n<td>\t3a\t   <\/td>\n<\/tr>\n<tr>\n<th>7.<\/th>\n<td>\tM\u00fccke<\/td>\n<td>\tBen<\/td>\n<td>\t3b\t   <\/td>\n<\/tr>\n<tr>\n<th>8.<\/th>\n<td>\tSchw\u00e4nz<\/td>\n<td>\tNico<\/td>\n<td>\t3c\t   <\/td>\n<\/tr>\n<tr>\n<th>9.<\/th>\n<td>\tSteckel<\/td>\n<td>\tFinn<\/td>\n<td>\t3c\t <\/td>\n<\/tr>\n<\/tbody>\n<\/table>\n<p><a name=\"m3\"><\/a><\/p>\n<table>\n<caption>Klasse 3 (M\u00e4dchen)<\/caption>\n<thead>\n<tr>\n<th>Platz<\/th>\n<th>Name<\/th>\n<th>Vorname<\/th>\n<th>Klasse<\/th>\n<\/tr>\n<\/thead>\n<tbody>\n<tr>\n<th>1.<\/th>\n<td>\tSchadow<\/td>\n<td>\tEbru<\/td>\n<td>\t3b\t   <\/td>\n<\/tr>\n<tr>\n<th>2.<\/th>\n<td>\tSchmidt<\/td>\n<td>\tJosephine<\/td>\n<td>\t3b\t   <\/td>\n<\/tr>\n<tr>\n<th>3.<\/th>\n<td>\tGruner<\/td>\n<td>\tPia<\/td>\n<td>\t3b\t   <\/td>\n<\/tr>\n<tr>\n<th>4.<\/th>\n<td>\tSchroedter<\/td>\n<td>\tLisa<\/td>\n<td>\t3a\t   <\/td>\n<\/tr>\n<tr>\n<th>5.<\/th>\n<td>\tGoetjes<\/td>\n<td>\tAlina<\/td>\n<td>\t3a\t   <\/td>\n<\/tr>\n<tr>\n<th>6.<\/th>\n<td>\tBhouri<\/td>\n<td>\tRanja<\/td>\n<td>\t3a\t   <\/td>\n<\/tr>\n<tr>\n<th>7.<\/th>\n<td>\tM\u00fcnzel<\/td>\n<td>\tLinda<\/td>\n<td>\t3b\t  <\/td>\n<\/tr>\n<tr>\n<th>8.<\/th>\n<td>\tWillner<\/td>\n<td>\tElisabeth<\/td>\n<td>\t3c\t   <\/td>\n<\/tr>\n<tr>\n<th>9.<\/th>\n<td>\tDrechsel<\/td>\n<td>\tCindy<\/td>\n<td>\t3c\t   <\/td>\n<\/tr>\n<tr>\n<th>10.<\/th>\n<td>\tHadhri<\/td>\n<td>\tHana<\/td>\n<td>\t3b\t <\/td>\n<\/tr>\n<\/tbody>\n<\/table>\n<p><a name=\"j4\"><\/a><\/p>\n<table>\n<caption>Klasse 4 (Jungen)<\/caption>\n<thead>\n<tr>\n<th>Platz<\/th>\n<th>Name<\/th>\n<th>Vorname<\/th>\n<th>Klasse<\/th>\n<\/tr>\n<\/thead>\n<tbody>\n<tr>\n<th>1.<\/th>\n<td>\tBrauer<\/td>\n<td>\tKevin<\/td>\n<td>\t4b\t   <\/td>\n<\/tr>\n<tr>\n<th>2.<\/th>\n<td>\tHoffmann<\/td>\n<td>\tAnthony<\/td>\n<td>\t4a\t   <\/td>\n<\/tr>\n<tr>\n<th>3.<\/th>\n<td>\tGode<\/td>\n<td>\tPhil<\/td>\n<td>\t4a\t   <\/td>\n<\/tr>\n<tr>\n<th>4.<\/th>\n<td>\tBrendel<\/td>\n<td>\tLucas\t<\/td>\n<td>4b\t   <\/td>\n<\/tr>\n<tr>\n<th>5.<\/th>\n<td>\tNeuendorf<\/td>\n<td>\tHendrik<\/td>\n<td>\t4b\t   <\/td>\n<\/tr>\n<tr>\n<th>6.<\/th>\n<td>\tSchneider<\/td>\n<td>\tDean<\/td>\n<td>\t4b\t   <\/td>\n<\/tr>\n<tr>\n<th>7.<\/th>\n<td>\tBaum<\/td>\n<td>\tJulien<\/td>\n<td>\t4b\t   <\/td>\n<\/tr>\n<tr>\n<th>8.<\/th>\n<td>\tGabel<\/td>\n<td>\tKeanu<\/td>\n<td>\t4b\t   <\/td>\n<\/tr>\n<tr>\n<th>9.<\/th>\n<td>\tRedick<\/td>\n<td>\tTom<\/td>\n<td>\t4a\t   <\/td>\n<\/tr>\n<tr>\n<th>10.<\/th>\n<td>\tNa\u00df<\/td>\n<td>\tMarvin<\/td>\n<td>\t4b\t <\/td>\n<\/tr>\n<\/tbody>\n<\/table>\n<p><a name=\"m4\"><\/a><\/p>\n<table>\n<caption>Klasse 4 (M\u00e4dchen)<\/caption>\n<thead>\n<tr>\n<th>Platz<\/th>\n<th>Name<\/th>\n<th>Vorname<\/th>\n<th>Klasse<\/th>\n<\/tr>\n<\/thead>\n<tbody>\n<tr>\n<th>1.<\/th>\n<td>\tWirkner<\/td>\n<td>\tJenny<\/td>\n<td>\t4b\t   <\/td>\n<\/tr>\n<tr>\n<th>2.<\/th>\n<td>\tCreutz<\/td>\n<td>\tIsabelle<\/td>\n<td>\t4a\t   <\/td>\n<\/tr>\n<tr>\n<th>3.<\/th>\n<td>\tKohrt<\/td>\n<td>\tIsabelle<\/td>\n<td>\t4a\t   <\/td>\n<\/tr>\n<tr>\n<th>4.<\/th>\n<td>\tMenden<\/td>\n<td> \tHannah<\/td>\n<td>\t4a\t   <\/td>\n<\/tr>\n<tr>\n<th>5.<\/th>\n<td>\tHerzig<\/td>\n<td>\tMichelle<\/td>\n<td>\t4b\t   <\/td>\n<\/tr>\n<tr>\n<th>6.<\/th>\n<td>\tGreiner<\/td>\n<td>\tSaskia<\/td>\n<td>\t4a\t   <\/td>\n<\/tr>\n<tr>\n<th>7.<\/th>\n<td>\tBlankenburg<\/td>\n<td>\tLena<\/td>\n<td>\t4b\t   <\/td>\n<\/tr>\n<tr>\n<th>8.<\/th>\n<td>\tSchadow<\/td>\n<td>\tDerya<\/td>\n<td>\t4a\t   <\/td>\n<\/tr>\n<tr>\n<th>9.<\/th>\n<td>\tK\u00f6nig<\/td>\n<td>\tKim<\/td>\n<td>\t4b\t   <\/td>\n<\/tr>\n<tr>\n<th>10.<\/th>\n<td>\tSchilling<\/td>\n<td>\tJana<\/td>\n<td>\t4a\t <\/td>\n<\/tr>\n<\/tbody>\n<\/table>\n<p><a name=\"j5\"><\/a><\/p>\n<table>\n<caption>Klasse 5 (Jungen)<\/caption>\n<thead>\n<tr>\n<th>Platz<\/th>\n<th>Name<\/th>\n<th>Vorname<\/th>\n<th>Klasse<\/th>\n<\/tr>\n<\/thead>\n<tbody>\n<tr>\n<th>1.<\/th>\n<td>\tNagel<\/td>\n<td>\tEric<\/td>\n<td>\t5a\t   <\/td>\n<\/tr>\n<tr>\n<th>2.<\/th>\n<td>\tJuhnke<\/td>\n<td>\tKevin<\/td>\n<td>\t5b\t   <\/td>\n<\/tr>\n<tr>\n<th>3.<\/th>\n<td>\tH\u00fcnike<\/td>\n<td>\tFranz<\/td>\n<td>\t5b\t   <\/td>\n<\/tr>\n<tr>\n<th>4.<\/th>\n<td>\tTeske<\/td>\n<td>\tLukas<\/td>\n<td>\t5a\t   <\/td>\n<\/tr>\n<tr>\n<th>5.<\/th>\n<td>\tW\u00fcnsch<\/td>\n<td>\tTristan<\/td>\n<td>\t5b\t  <\/td>\n<\/tr>\n<tr>\n<th>6.<\/th>\n<td>\tSchick<\/td>\n<td>\tDominique<\/td>\n<td>\t5a\t   <\/td>\n<\/tr>\n<tr>\n<th>7.<\/th>\n<td>\tK\u00f6nig<\/td>\n<td>\tDave<\/td>\n<td>\t5a\t   <\/td>\n<\/tr>\n<tr>\n<th>8.<\/th>\n<td>\tBlock<\/td>\n<td>\tKevin<\/td>\n<td>\t5a\t   <\/td>\n<\/tr>\n<tr>\n<th>9.<\/th>\n<td>\tTrantow<\/td>\n<td>\tTom<\/td>\n<td>\t5a\t   <\/td>\n<\/tr>\n<tr>\n<th>9.<\/th>\n<td>\tAnders<\/td>\n<td>\tDennis<\/td>\n<td>\t5b\t <\/td>\n<\/tr>\n<\/tbody>\n<\/table>\n<p><a name=\"m5\"><\/a><\/p>\n<table>\n<caption>Klasse 5 (M\u00e4dchen)<\/caption>\n<thead>\n<tr>\n<th>Platz<\/th>\n<th>Name<\/th>\n<th>Vorname<\/th>\n<th>Klasse<\/th>\n<\/tr>\n<\/thead>\n<tbody>\n<tr>\n<th>1.<\/th>\n<td>\tCzichocki<\/td>\n<td>\tLaura<\/td>\n<td>\t5a\t   <\/td>\n<\/tr>\n<tr>\n<th>2.<\/th>\n<td>\tWedding<\/td>\n<td>\tJessica<\/td>\n<td>\t5a\t   <\/td>\n<\/tr>\n<tr>\n<th>3.<\/th>\n<td>\tSchwarz<\/td>\n<td>\tSylvana<\/td>\n<td>\t5b\t   <\/td>\n<\/tr>\n<tr>\n<th>4.<\/th>\n<td>\tMutschall<\/td>\n<td>\tJoann<\/td>\n<td>\t5b\t   <\/td>\n<\/tr>\n<tr>\n<th>4.<\/th>\n<td>\tWellmann<\/td>\n<td>\tSarah<\/td>\n<td>\t5a\t   <\/td>\n<\/tr>\n<tr>\n<th>6.<\/th>\n<td>\tBhouri<\/td>\n<td>\tLinda<\/td>\n<td>\t5a\t   <\/td>\n<\/tr>\n<tr>\n<th>7.<\/th>\n<td>\tBeyer<\/td>\n<td>\tLara<\/td>\n<td>\t5a\t   <\/td>\n<\/tr>\n<tr>\n<th>8.<\/th>\n<td>\tSchw\u00e4nz<\/td>\n<td>\tLena<\/td>\n<td>\t5b\t   <\/td>\n<\/tr>\n<tr>\n<th>9.<\/th>\n<td>\tMethfessel<\/td>\n<td>\tAdina<\/td>\n<td>\t5b\t   <\/td>\n<\/tr>\n<tr>\n<th>10.<\/th>\n<td> \tMai<\/td>\n<td>\tTabea<\/td>\n<td>\t5a\t <\/td>\n<\/tr>\n<\/tbody>\n<\/table>\n<p><a name=\"j6\"><\/a><\/p>\n<table>\n<caption>Klasse 6 (Jungen)<\/caption>\n<thead>\n<tr>\n<th>Platz<\/th>\n<th>Name<\/th>\n<th>Vorname<\/th>\n<th>Klasse<\/th>\n<\/tr>\n<\/thead>\n<tbody>\n<tr>\n<th>1.<\/th>\n<td>\tAnke<\/td>\n<td>\tChristian<\/td>\n<td>\t6b\t   <\/td>\n<\/tr>\n<tr>\n<th>2.<\/th>\n<td>\tBleicker<\/td>\n<td>\tDanino<\/td>\n<td>\t6a\t   <\/td>\n<\/tr>\n<tr>\n<th>3.<\/th>\n<td>\tJosh<\/td>\n<td>\tJesse<\/td>\n<td>\t6b\t   <\/td>\n<\/tr>\n<tr>\n<th>4.<\/th>\n<td>\tNolte<\/td>\n<td>\tNicolas<\/td>\n<td>\t6a\t   <\/td>\n<\/tr>\n<tr>\n<th>5.<\/th>\n<td>\tEbel<\/td>\n<td>\tJesse<\/td>\n<td>\t6a\t   <\/td>\n<\/tr>\n<tr>\n<th>6.<\/th>\n<td>\tNeumann<\/td>\n<td>\tTommy-Lee<\/td>\n<td>\t6b\t  <\/td>\n<\/tr>\n<tr>\n<th>7.<\/th>\n<td>\tReimann<\/td>\n<td>\tFlorian<\/td>\n<td>\t6b\t   <\/td>\n<\/tr>\n<tr>\n<th>8.<\/th>\n<td>\tHadhri<\/td>\n<td>\tMehdi<\/td>\n<td>\t6a\t   <\/td>\n<\/tr>\n<tr>\n<th>9.<\/th>\n<td>\tTrautschke<\/td>\n<td>\tToni<\/td>\n<td>\t6b\t   <\/td>\n<\/tr>\n<tr>\n<th>10.<\/th>\n<td>\tSchaber<\/td>\n<td>\tMartin<\/td>\n<td>\t6a\t <\/td>\n<\/tr>\n<\/tbody>\n<\/table>\n<p><a name=\"m6\"><\/a><\/p>\n<table>\n<caption>Klasse 6 (M\u00e4dchen)<\/caption>\n<thead>\n<tr>\n<th>Platz<\/th>\n<th>Name<\/th>\n<th>Vorname<\/th>\n<th>Klasse<\/th>\n<\/tr>\n<\/thead>\n<tbody>\n<tr>\n<th>1.<\/th>\n<td>\tStippkugel<\/td>\n<td>\tLina<\/td>\n<td>\t6a\t   <\/td>\n<\/tr>\n<tr>\n<th>2.<\/th>\n<td>\tAl-Namani<\/td>\n<td>\tPatricia<\/td>\n<td>\t6a\t   <\/td>\n<\/tr>\n<tr>\n<th>3.<\/th>\n<td>\tPanten<\/td>\n<td>\tLuana<\/td>\n<td>\t6a\t  <\/td>\n<\/tr>\n<tr>\n<th>4.<\/th>\n<td>\tSch\u00fctz<\/td>\n<td>\tJulia<\/td>\n<td>\t6b\t   <\/td>\n<\/tr>\n<tr>\n<th>5.<\/th>\n<td>\tVorpagel<\/td>\n<td>\tLisa-Marie<\/td>\n<td>\t6b\t   <\/td>\n<\/tr>\n<tr>\n<th>6.<\/th>\n<td>\tYalcin<\/td>\n<td>\tMelissa<\/td>\n<td>\t6a\t   <\/td>\n<\/tr>\n<tr>\n<th>7.<\/th>\n<td>\tW\u00fcnsch<\/td>\n<td>\tCelina<\/td>\n<td>\t6b\t   <\/td>\n<\/tr>\n<tr>\n<th>8.<\/th>\n<td>\tJapp<\/td>\n<td>\tLena<\/td>\n<td>\t6b\t   <\/td>\n<\/tr>\n<tr>\n<th>9.<\/th>\n<td>\tSong<\/td>\n<td>\tNarae<\/td>\n<td>\t6a\t   <\/td>\n<\/tr>\n<tr>\n<th>10.<\/th>\n<td>\tVan Damme<\/td>\n<td>\tAnina<\/td>\n<td>\t6a<\/td>\n<\/tr>\n<\/tbody>\n<\/table>\n","protected":false},"excerpt":{"rendered":"<p>Herbstcross der Kolibri-Grundschule Am 18. Oktober 2012 war es wieder so weit. Bei wundersch\u00f6nem Herbstwetter ermittelten alle Klassenstufen unserer Schule ihre Sieger und Platzierten im Waldlauf. Ausgew\u00e4hlte Sch\u00fcler der 6. Klassen halfen flei\u00dfig bei der Organisation des Wettkampfes, daf\u00fcr unser &hellip; <a href=\"https:\/\/kolibri-grundschule.de\/home\/?page_id=339\">Weiterlesen <span class=\"meta-nav\">&rarr;<\/span><\/a><\/p>\n","protected":false},"author":4,"featured_media":0,"parent":71,"menu_order":0,"comment_status":"closed","ping_status":"closed","template":"","meta":{"footnotes":""},"jetpack_sharing_enabled":true,"_links":{"self":[{"href":"https:\/\/kolibri-grundschule.de\/home\/index.php?rest_route=\/wp\/v2\/pages\/339"}],"collection":[{"href":"https:\/\/kolibri-grundschule.de\/home\/index.php?rest_route=\/wp\/v2\/pages"}],"about":[{"href":"https:\/\/kolibri-grundschule.de\/home\/index.php?rest_route=\/wp\/v2\/types\/page"}],"author":[{"embeddable":true,"href":"https:\/\/kolibri-grundschule.de\/home\/index.php?rest_route=\/wp\/v2\/users\/4"}],"replies":[{"embeddable":true,"href":"https:\/\/kolibri-grundschule.de\/home\/index.php?rest_route=%2Fwp%2Fv2%2Fcomments&post=339"}],"version-history":[{"count":27,"href":"https:\/\/kolibri-grundschule.de\/home\/index.php?rest_route=\/wp\/v2\/pages\/339\/revisions"}],"predecessor-version":[{"id":618,"href":"https:\/\/kolibri-grundschule.de\/home\/index.php?rest_route=\/wp\/v2\/pages\/339\/revisions\/618"}],"up":[{"embeddable":true,"href":"https:\/\/kolibri-grundschule.de\/home\/index.php?rest_route=\/wp\/v2\/pages\/71"}],"wp:attachment":[{"href":"https:\/\/kolibri-grundschule.de\/home\/index.php?rest_route=%2Fwp%2Fv2%2Fmedia&parent=339"}],"curies":[{"name":"wp","href":"https:\/\/api.w.org\/{rel}","templated":true}]}}