{"id":2,"date":"2010-11-24T19:38:14","date_gmt":"2010-11-24T19:38:14","guid":{"rendered":"http:\/\/kolibri-grundschule.de\/home\/?page_id=2"},"modified":"2021-02-28T08:39:16","modified_gmt":"2021-02-28T08:39:16","slug":"eine-seite","status":"publish","type":"page","link":"https:\/\/kolibri-grundschule.de\/home\/?page_id=2","title":{"rendered":"Impressum"},"content":{"rendered":"<p><span style=\"color: #060a2d;\">Verantwortlich gem\u00e4\u00df \u00a7 7 Absatz 1 TMG: Kolibri-Grundschule<\/span><\/p>\n<p><span style=\"color: #060a2d;\"><strong>Schulleitung:<\/strong><\/span><\/p>\n<p><span style=\"color: #060a2d;\">Schulleiterin: Anke Peters<\/span><\/p>\n<p><span style=\"color: #060a2d;\"><br \/>\n<\/span><span style=\"color: #060a2d;\"><strong>Anschrift:<\/strong><\/span><br \/>\n<span style=\"color: #060a2d;\">Sch\u00f6newalder Stra\u00dfe 9<\/span><br \/>\n<span style=\"color: #060a2d;\">12627 Berlin<\/span><\/p>\n<p><span style=\"color: #060a2d;\">Telefon: +49 30 9989232<\/span><br \/>\n<span style=\"color: #060a2d;\">Telefax: +49 30 94395872<\/span><br \/>\n<span style=\"color: #060a2d;\">E-Mail:<a href=\"mailto:kontakt@kolibri-grundschule.berlin\"><span style=\"color: #060a2d;\"> kontakt[\u00e4t]Kolibri-Grundschule[punkt]berlin<\/span><\/a><\/span><\/p>\n<p><span style=\"color: #060a2d;\"><strong>Schultr\u00e4ger:<\/strong><\/span><br \/>\n<span style=\"color: #060a2d;\">Bezirksamt Marzahn-Hellersdorf von Berlin<\/span><br \/>\n<span style=\"color: #060a2d;\">Vertreten durch: Bezirksstadtrat f\u00fcr Schule, Sport, Jugend und Familie<\/span><br \/>\n<span style=\"color: #060a2d;\">Riesaer Stra\u00dfe 94<\/span><br \/>\n<span style=\"color: #060a2d;\">12627 Berlin<\/span><\/p>\n<p><span style=\"color: #060a2d;\">Telefon: +49 30 902934001<\/span><br \/>\n<span style=\"color: #060a2d;\">Telefax: +49 30 902934005<\/span><br \/>\n<span style=\"color: #060a2d;\">E-Mail:<a href=\"mailto:BzStRSchulSportJugFam@ba-mh.berlin.de\"><span style=\"color: #060a2d;\"> BzStRSchulSportJugFam[\u00e4t]ba-mh[punkt]berlin[punkt]de<\/span><\/a><\/span><\/p>\n","protected":false},"excerpt":{"rendered":"<p>Verantwortlich gem\u00e4\u00df \u00a7 7 Absatz 1 TMG: Kolibri-Grundschule Schulleitung: Schulleiterin: Anke Peters Anschrift: Sch\u00f6newalder Stra\u00dfe 9 12627 Berlin Telefon: +49 30 9989232 Telefax: +49 30 94395872 E-Mail: kontakt[\u00e4t]Kolibri-Grundschule[punkt]berlin Schultr\u00e4ger: Bezirksamt Marzahn-Hellersdorf von Berlin Vertreten durch: Bezirksstadtrat f\u00fcr Schule, Sport, Jugend &hellip; <a href=\"https:\/\/kolibri-grundschule.de\/home\/?page_id=2\">Weiterlesen <span class=\"meta-nav\">&rarr;<\/span><\/a><\/p>\n","protected":false},"author":4,"featured_media":0,"parent":0,"menu_order":4,"comment_status":"closed","ping_status":"closed","template":"","meta":{"footnotes":""},"jetpack_sharing_enabled":true,"_links":{"self":[{"href":"https:\/\/kolibri-grundschule.de\/home\/index.php?rest_route=\/wp\/v2\/pages\/2"}],"collection":[{"href":"https:\/\/kolibri-grundschule.de\/home\/index.php?rest_route=\/wp\/v2\/pages"}],"about":[{"href":"https:\/\/kolibri-grundschule.de\/home\/index.php?rest_route=\/wp\/v2\/types\/page"}],"author":[{"embeddable":true,"href":"https:\/\/kolibri-grundschule.de\/home\/index.php?rest_route=\/wp\/v2\/users\/4"}],"replies":[{"embeddable":true,"href":"https:\/\/kolibri-grundschule.de\/home\/index.php?rest_route=%2Fwp%2Fv2%2Fcomments&post=2"}],"version-history":[{"count":24,"href":"https:\/\/kolibri-grundschule.de\/home\/index.php?rest_route=\/wp\/v2\/pages\/2\/revisions"}],"predecessor-version":[{"id":2815,"href":"https:\/\/kolibri-grundschule.de\/home\/index.php?rest_route=\/wp\/v2\/pages\/2\/revisions\/2815"}],"wp:attachment":[{"href":"https:\/\/kolibri-grundschule.de\/home\/index.php?rest_route=%2Fwp%2Fv2%2Fmedia&parent=2"}],"curies":[{"name":"wp","href":"https:\/\/api.w.org\/{rel}","templated":true}]}}