{"id":1467,"date":"2018-03-20T11:20:56","date_gmt":"2018-03-20T11:20:56","guid":{"rendered":"http:\/\/kolibri-grundschule.de\/home\/?page_id=1467"},"modified":"2018-03-24T17:50:09","modified_gmt":"2018-03-24T17:50:09","slug":"redaktions-casting","status":"publish","type":"page","link":"https:\/\/kolibri-grundschule.de\/home\/?page_id=1467","title":{"rendered":"Redaktions-\u201aCasting\u2018"},"content":{"rendered":"<p><span style=\"color: #060a2d;\">Zahlreiche Sch\u00fclerinnen und Sch\u00fcler interessieren sich f\u00fcr die Mitarbeit in der Redaktion des \u201aKolibri-Gezwitscher\u2018 \u2026 mit einer solch gro\u00dfen Vielzahl an Interessierten k\u00f6nnte unser Schulmagazin bald zur Tageszeitung werden. Um eine Auswahl treffen zu k\u00f6nnen, waren die M\u00e4dchen und Jungen aufgerufen, sich an einem Redaktions-\u201aCasting\u2018 zu beteiligen. Wir pr\u00e4sentieren in diesem Online-Extra-\u201aGezwitscher\u2018<a href=\"http:\/\/&lt;a href=&quot;http:\/\/www.logbuch.center\/webpaper\/kolibri-gezwitscher\/extra\/webpaper.html&quot;&gt;\"> hier <\/a>einige Ergebnisse \u2026<\/span><a href=\"http:\/\/www.logbuch.center\/webpaper\/kolibri-gezwitscher\/extra\/webpaper.html\"><img decoding=\"async\" loading=\"lazy\" class=\"aligncenter wp-image-1474 size-medium\" src=\"https:\/\/i0.wp.com\/kolibri-grundschule.de\/home\/wp-content\/uploads\/2018\/03\/kgz_extra_casting_Seite_01-212x300.jpg?resize=212%2C300\" alt=\"\" width=\"212\" height=\"300\" srcset=\"https:\/\/i0.wp.com\/kolibri-grundschule.de\/home\/wp-content\/uploads\/2018\/03\/kgz_extra_casting_Seite_01.jpg?resize=212%2C300&amp;ssl=1 212w, https:\/\/i0.wp.com\/kolibri-grundschule.de\/home\/wp-content\/uploads\/2018\/03\/kgz_extra_casting_Seite_01.jpg?w=535&amp;ssl=1 535w\" sizes=\"(max-width: 212px) 100vw, 212px\" data-recalc-dims=\"1\" \/><\/a><\/p>\n","protected":false},"excerpt":{"rendered":"<p>Zahlreiche Sch\u00fclerinnen und Sch\u00fcler interessieren sich f\u00fcr die Mitarbeit in der Redaktion des \u201aKolibri-Gezwitscher\u2018 \u2026 mit einer solch gro\u00dfen Vielzahl an Interessierten k\u00f6nnte unser Schulmagazin bald zur Tageszeitung werden. Um eine Auswahl treffen zu k\u00f6nnen, waren die M\u00e4dchen und Jungen &hellip; <a href=\"https:\/\/kolibri-grundschule.de\/home\/?page_id=1467\">Weiterlesen <span class=\"meta-nav\">&rarr;<\/span><\/a><\/p>\n","protected":false},"author":4,"featured_media":0,"parent":0,"menu_order":0,"comment_status":"closed","ping_status":"closed","template":"","meta":{"footnotes":""},"jetpack_sharing_enabled":true,"_links":{"self":[{"href":"https:\/\/kolibri-grundschule.de\/home\/index.php?rest_route=\/wp\/v2\/pages\/1467"}],"collection":[{"href":"https:\/\/kolibri-grundschule.de\/home\/index.php?rest_route=\/wp\/v2\/pages"}],"about":[{"href":"https:\/\/kolibri-grundschule.de\/home\/index.php?rest_route=\/wp\/v2\/types\/page"}],"author":[{"embeddable":true,"href":"https:\/\/kolibri-grundschule.de\/home\/index.php?rest_route=\/wp\/v2\/users\/4"}],"replies":[{"embeddable":true,"href":"https:\/\/kolibri-grundschule.de\/home\/index.php?rest_route=%2Fwp%2Fv2%2Fcomments&post=1467"}],"version-history":[{"count":3,"href":"https:\/\/kolibri-grundschule.de\/home\/index.php?rest_route=\/wp\/v2\/pages\/1467\/revisions"}],"predecessor-version":[{"id":1476,"href":"https:\/\/kolibri-grundschule.de\/home\/index.php?rest_route=\/wp\/v2\/pages\/1467\/revisions\/1476"}],"wp:attachment":[{"href":"https:\/\/kolibri-grundschule.de\/home\/index.php?rest_route=%2Fwp%2Fv2%2Fmedia&parent=1467"}],"curies":[{"name":"wp","href":"https:\/\/api.w.org\/{rel}","templated":true}]}}